{"id":28,"date":"2022-06-21T19:35:39","date_gmt":"2022-06-21T19:35:39","guid":{"rendered":"https:\/\/voixferrees.qc.ca\/dev_externe_2022_1\/?page_id=28"},"modified":"2025-11-29T11:15:13","modified_gmt":"2025-11-29T16:15:13","slug":"engagez-nous","status":"publish","type":"page","link":"https:\/\/voixferrees.qc.ca\/dev_externe_2022_1\/engagez-nous\/","title":{"rendered":"Engagez-nous"},"content":{"rendered":"\n<p>Vous organisez un.e \u2026<\/p>\n\n\n\n<ul class=\"wp-block-list\">\n<li>Party priv\u00e9<\/li>\n\n\n\n<li>Flash Mob (certaines conditions s&rsquo;appliquent)<\/li>\n\n\n\n<li>Vente trottoir<\/li>\n\n\n\n<li>Festival<\/li>\n\n\n\n<li>Mariage ou autres c\u00e9r\u00e9monies<\/li>\n\n\n\n<li>Spectacle pour une r\u00e9sidence de personnes \u00e2g\u00e9es<\/li>\n\n\n\n<li>\u00c9v\u00e9nement d\u2019artistes populaires<\/li>\n\n\n\n<li>Congr\u00e8s<\/li>\n\n\n\n<li>Etc.<\/li>\n<\/ul>\n\n\n<div class=\"wp-block-image\">\n<figure class=\"alignright size-large is-resized\"><a href=\"https:\/\/voixferrees.qc.ca\/dev_externe_2022_1\/wp-content\/uploads\/2025\/11\/251126_SDCDC_CockatilAnnuel_Charles-Olivier-Bourque_WEB-59-crop.jpg\" target=\"_blank\" rel=\" noreferrer noopener\"><img loading=\"lazy\" decoding=\"async\" width=\"1024\" height=\"636\" src=\"https:\/\/voixferrees.qc.ca\/dev_externe_2022_1\/wp-content\/uploads\/2025\/11\/251126_SDCDC_CockatilAnnuel_Charles-Olivier-Bourque_WEB-59-crop-1024x636.jpg\" alt=\"\" class=\"wp-image-738\" style=\"width:340px\" srcset=\"https:\/\/voixferrees.qc.ca\/dev_externe_2022_1\/wp-content\/uploads\/2025\/11\/251126_SDCDC_CockatilAnnuel_Charles-Olivier-Bourque_WEB-59-crop-1024x636.jpg 1024w, https:\/\/voixferrees.qc.ca\/dev_externe_2022_1\/wp-content\/uploads\/2025\/11\/251126_SDCDC_CockatilAnnuel_Charles-Olivier-Bourque_WEB-59-crop-300x186.jpg 300w, https:\/\/voixferrees.qc.ca\/dev_externe_2022_1\/wp-content\/uploads\/2025\/11\/251126_SDCDC_CockatilAnnuel_Charles-Olivier-Bourque_WEB-59-crop-768x477.jpg 768w, https:\/\/voixferrees.qc.ca\/dev_externe_2022_1\/wp-content\/uploads\/2025\/11\/251126_SDCDC_CockatilAnnuel_Charles-Olivier-Bourque_WEB-59-crop.jpg 1516w\" sizes=\"auto, (max-width: 767px) 89vw, (max-width: 1000px) 54vw, (max-width: 1071px) 543px, 580px\" \/><\/a><figcaption class=\"wp-element-caption\">\ud83d\udcf7 \u00a9 Charles-Olivier Bourque<\/figcaption><\/figure>\n<\/div>\n\n\n<p><strong>Plusieurs vous le diront: c\u2019est en spectacle que les Voix Ferr\u00e9es excellent!<\/strong>&nbsp;Nous nous pr\u00e9sentons habituellement \u00e0 environ 15-20 choristes et offrons un spectacle percutant et touchant. Nous sommes tr\u00e8s polyvalents: nous pouvons chanter en int\u00e9rieur ou en ext\u00e9rieur, sur sc\u00e8ne ou dans une foule, amplifi\u00e9 ou acoustique, a capella ou avec instruments. Notre r\u00e9pertoire est \u00e9clectique: nous passons du chant sacr\u00e9 au traditionnel africain, en passant par la chanson fran\u00e7aise et qu\u00e9b\u00e9coise, le jazz, le pop ou encore le contemporain.<\/p>\n\n\n\n<p>Cela vous int\u00e9resse? Contactez-nous \u00e0&nbsp;<a href=\"mailto:info@voixferres.qc.ca\">info@voixferrees.qc.ca<\/a>&nbsp;et il nous fera plaisir de discuter des possibilit\u00e9s qui s\u2019offrent \u00e0 vous.<\/p>\n","protected":false},"excerpt":{"rendered":"<p>Vous organisez un.e \u2026 Plusieurs vous le diront: c\u2019est en spectacle que les Voix Ferr\u00e9es excellent!&nbsp;Nous nous pr\u00e9sentons habituellement \u00e0 environ 15-20 choristes et offrons un spectacle percutant et touchant. Nous sommes tr\u00e8s polyvalents: nous pouvons chanter en int\u00e9rieur ou en ext\u00e9rieur, sur sc\u00e8ne ou dans une foule, amplifi\u00e9 ou acoustique, a capella ou avec &hellip; <\/p>\n<p class=\"link-more\"><a href=\"https:\/\/voixferrees.qc.ca\/dev_externe_2022_1\/engagez-nous\/\" class=\"more-link\">Continuer la lecture<span class=\"screen-reader-text\"> de &laquo; Engagez-nous &raquo;<\/span><\/a><\/p>\n","protected":false},"author":1,"featured_media":234,"parent":0,"menu_order":0,"comment_status":"closed","ping_status":"closed","template":"","meta":{"footnotes":""},"class_list":["post-28","page","type-page","status-publish","has-post-thumbnail","hentry"],"jetpack_sharing_enabled":true,"_links":{"self":[{"href":"https:\/\/voixferrees.qc.ca\/dev_externe_2022_1\/wp-json\/wp\/v2\/pages\/28","targetHints":{"allow":["GET"]}}],"collection":[{"href":"https:\/\/voixferrees.qc.ca\/dev_externe_2022_1\/wp-json\/wp\/v2\/pages"}],"about":[{"href":"https:\/\/voixferrees.qc.ca\/dev_externe_2022_1\/wp-json\/wp\/v2\/types\/page"}],"author":[{"embeddable":true,"href":"https:\/\/voixferrees.qc.ca\/dev_externe_2022_1\/wp-json\/wp\/v2\/users\/1"}],"replies":[{"embeddable":true,"href":"https:\/\/voixferrees.qc.ca\/dev_externe_2022_1\/wp-json\/wp\/v2\/comments?post=28"}],"version-history":[{"count":10,"href":"https:\/\/voixferrees.qc.ca\/dev_externe_2022_1\/wp-json\/wp\/v2\/pages\/28\/revisions"}],"predecessor-version":[{"id":741,"href":"https:\/\/voixferrees.qc.ca\/dev_externe_2022_1\/wp-json\/wp\/v2\/pages\/28\/revisions\/741"}],"wp:featuredmedia":[{"embeddable":true,"href":"https:\/\/voixferrees.qc.ca\/dev_externe_2022_1\/wp-json\/wp\/v2\/media\/234"}],"wp:attachment":[{"href":"https:\/\/voixferrees.qc.ca\/dev_externe_2022_1\/wp-json\/wp\/v2\/media?parent=28"}],"curies":[{"name":"wp","href":"https:\/\/api.w.org\/{rel}","templated":true}]}}