{"id":48,"date":"2022-06-21T20:26:08","date_gmt":"2022-06-21T20:26:08","guid":{"rendered":"https:\/\/voixferrees.qc.ca\/dev_externe_2022_1\/?page_id=48"},"modified":"2022-08-01T13:44:29","modified_gmt":"2022-08-01T17:44:29","slug":"accueil","status":"publish","type":"page","link":"https:\/\/voixferrees.qc.ca\/dev_externe_2022_1\/","title":{"rendered":"Les Voix Ferr\u00e9es, c&rsquo;est&#8230;"},"content":{"rendered":"\n<p>&#8230; un ensemble vocal montr\u00e9alais form\u00e9 d&rsquo;une cinquantaine de <a href=\"https:\/\/voixferrees.qc.ca\/dev_externe_2022_1\/a-propos\/\" data-type=\"page\" data-id=\"117\">choristes<\/a>. L&rsquo;ensemble dirig\u00e9 par <a href=\"https:\/\/voixferrees.qc.ca\/dev_externe_2022_1\/a-propos#direction\">Gabrielle Beaulieu-Brossard<\/a> se distingue par son <a href=\"https:\/\/voixferrees.qc.ca\/dev_externe_2022_1\/a-propos#repertoire\">r\u00e9pertoire \u00e9clectique<\/a>. On peut voir Les Voix Ferr\u00e9es s&rsquo;\u00e9clater en <a rel=\"noreferrer noopener\" href=\"https:\/\/lepointdevente.com\/lesvoixferrees\" target=\"_blank\">spectacle<\/a> et lors de divers <a href=\"https:\/\/voixferrees.qc.ca\/dev_externe_2022_1\/engagez-nous\/\" data-type=\"page\" data-id=\"28\">\u00e9v\u00e9nements<\/a> publics ou priv\u00e9s.<\/p>\n\n\n<div class=\"wp-block-image\">\n<figure class=\"aligncenter size-full is-resized\"><img decoding=\"async\" src=\"https:\/\/voixferrees.qc.ca\/dev_externe_2022_1\/wp-content\/uploads\/2022\/07\/logo-fond-gris-fonce-du-site-2022.png\" alt=\"\" class=\"wp-image-240\" width=\"200\"\/><\/figure>\n<\/div>","protected":false},"excerpt":{"rendered":"<p>&#8230; un ensemble vocal montr\u00e9alais form\u00e9 d&rsquo;une cinquantaine de choristes. L&rsquo;ensemble dirig\u00e9 par Gabrielle Beaulieu-Brossard se distingue par son r\u00e9pertoire \u00e9clectique. On peut voir Les Voix Ferr\u00e9es s&rsquo;\u00e9clater en spectacle et lors de divers \u00e9v\u00e9nements publics ou priv\u00e9s.<\/p>\n","protected":false},"author":1,"featured_media":208,"parent":0,"menu_order":0,"comment_status":"closed","ping_status":"closed","template":"","meta":{"footnotes":""},"class_list":["post-48","page","type-page","status-publish","has-post-thumbnail","hentry"],"jetpack_sharing_enabled":true,"_links":{"self":[{"href":"https:\/\/voixferrees.qc.ca\/dev_externe_2022_1\/wp-json\/wp\/v2\/pages\/48","targetHints":{"allow":["GET"]}}],"collection":[{"href":"https:\/\/voixferrees.qc.ca\/dev_externe_2022_1\/wp-json\/wp\/v2\/pages"}],"about":[{"href":"https:\/\/voixferrees.qc.ca\/dev_externe_2022_1\/wp-json\/wp\/v2\/types\/page"}],"author":[{"embeddable":true,"href":"https:\/\/voixferrees.qc.ca\/dev_externe_2022_1\/wp-json\/wp\/v2\/users\/1"}],"replies":[{"embeddable":true,"href":"https:\/\/voixferrees.qc.ca\/dev_externe_2022_1\/wp-json\/wp\/v2\/comments?post=48"}],"version-history":[{"count":23,"href":"https:\/\/voixferrees.qc.ca\/dev_externe_2022_1\/wp-json\/wp\/v2\/pages\/48\/revisions"}],"predecessor-version":[{"id":277,"href":"https:\/\/voixferrees.qc.ca\/dev_externe_2022_1\/wp-json\/wp\/v2\/pages\/48\/revisions\/277"}],"wp:featuredmedia":[{"embeddable":true,"href":"https:\/\/voixferrees.qc.ca\/dev_externe_2022_1\/wp-json\/wp\/v2\/media\/208"}],"wp:attachment":[{"href":"https:\/\/voixferrees.qc.ca\/dev_externe_2022_1\/wp-json\/wp\/v2\/media?parent=48"}],"curies":[{"name":"wp","href":"https:\/\/api.w.org\/{rel}","templated":true}]}}